{"id":20486,"date":"2023-10-03T20:43:56","date_gmt":"2023-10-03T20:43:56","guid":{"rendered":"https:\/\/deko121.com\/datenschutz\/"},"modified":"2023-10-03T21:24:16","modified_gmt":"2023-10-03T21:24:16","slug":"datenschutz","status":"publish","type":"page","link":"https:\/\/deko121.com\/de\/datenschutz\/","title":{"rendered":"Datenschutz"},"content":{"rendered":"\n<p class=\"has-black-color has-text-color\">Datenschutz- und Cookie-Richtlinie<\/p>\n\n\n\n<p class=\"has-black-color has-text-color\">Diese Datenschutzrichtlinie legt fest, wie DEKO121 Interior Design GmbH (im Folgenden \u201eDeko121\u201cgenannt) alle Informationen nutzt und sch\u00fctzt, die Sie DEKO121 w\u00e4hrend der Nutzung dieser Website \u00fcbermitteln. DEKO121 setzt sich daf\u00fcr ein, dass Ihre Privatsph\u00e4re gesch\u00fctzt wird. Sollten wir Sie um die Angabe bestimmter Informationen bitten, anhand derer Sie bei der Nutzung dieser Website identifiziert werden k\u00f6nnen, k\u00f6nnen Sie sicher sein, dass diese nur in \u00dcbereinstimmung mit dieser Datenschutzerkl\u00e4rung verwendet werden. DEKO121 kann diese Richtlinie von Zeit zu Zeit durch Aktualisierung dieser Seite \u00e4ndern. Sie sollten diese Seite von Zeit zu Zeit \u00fcberpr\u00fcfen, um sicherzustellen, dass Sie \u00fcber alle \u00c4nderungen auf dem Laufenden sind.<\/p>\n\n\n\n<p class=\"has-black-color has-text-color\">Was wir sammeln<\/p>\n\n\n\n<p class=\"has-black-color has-text-color\">: Wir k\u00f6nnen die folgenden Informationen sammeln:<\/p>\n\n\n\n<p class=\"has-black-color has-text-color\">Name,<\/p>\n\n\n\n<p class=\"has-black-color has-text-color\">Kontaktinformationen, einschlie\u00dflich E-Mail-Adresse<\/p>\n\n\n\n<p class=\"has-black-color has-text-color\">Demografische Informationen wie Adresse und Postleitzahl,<\/p>\n\n\n\n<p class=\"has-black-color has-text-color\">Zahlungsinformationen.<\/p>\n\n\n\n<p class=\"has-black-color has-text-color\">Was wir mit den von uns erfassten Informationen machen.<\/p>\n\n\n\n<p class=\"has-black-color has-text-color\">Wir ben\u00f6tigen diese Informationen, um Ihre Bed\u00fcrfnisse zu verstehen und Ihnen einen besseren Service zu bieten, insbesondere aus folgenden Gr\u00fcnden:<\/p>\n\n\n\n<p class=\"has-black-color has-text-color\">Zur Auftragserf\u00fcllung<\/p>\n\n\n\n<p class=\"has-black-color has-text-color\">. Zur Registrierung und Verwaltung Ihres Kunden Konto<\/p>\n\n\n\n<p class=\"has-black-color has-text-color\">Um Sie im Falle von Zahlungs- und\/oder Lieferproblemen zu kontaktieren.<\/p>\n\n\n\n<p class=\"has-black-color has-text-color\">Wir k\u00f6nnen Ihnen in regelm\u00e4\u00dfigen Abst\u00e4nden Werbe-E-Mails \u00fcber neue Produkte, Sonderangebote, Wettbewerbe oder andere Informationen senden, die unserer Meinung nach f\u00fcr Sie interessant sein k\u00f6nnten, und zwar an die von Ihnen angegebene E-Mail-Adresse. Wir k\u00f6nnen diese Informationen<\/p>\n\n\n\n<p class=\"has-black-color has-text-color\">verwenden Um unsere Produkte und Dienstleistungen zu verbessern.<\/p>\n\n\n\n<p class=\"has-black-color has-text-color\">Wir k\u00f6nnen die Informationen verwenden, um die Website entsprechend Ihren Interessen anzupassen<\/p>\n\n\n\n<p class=\"has-black-color has-text-color\">Sicherheit<\/p>\n\n\n\n<p class=\"has-black-color has-text-color\">Wir setzen uns daf\u00fcr ein, dass Ihre Daten sicher sind. Um einen unbefugten Zugriff oder eine unbefugte Offenlegung zu verhindern, haben wir geeignete physische, elektronische und verwaltungstechnische Verfahren zum Schutz und zur Sicherung der von uns online erfassten Informationen eingerichtet.<\/p>\n\n\n\n<p class=\"has-black-color has-text-color\">Wie wir Cookies verwenden<\/p>\n\n\n\n<p class=\"has-black-color has-text-color\">Ein Cookie ist eine kleine Datei, die um Erlaubnis bittet, auf der Festplatte Ihres Computers abgelegt zu werden. Sobald Sie zustimmen, wird die Datei hinzugef\u00fcgt und das Cookie hilft bei der Analyse des Webverkehrs oder informiert Sie, wenn Sie eine bestimmte Website besuchen. Cookies erm\u00f6glichen es Webanwendungen, auf Sie als Einzelperson zu reagieren. Die Webanwendung kann ihre Vorg\u00e4nge an Ihre Bed\u00fcrfnisse, Vorlieben und Abneigungen anpassen, indem sie Informationen \u00fcber Ihre Pr\u00e4ferenzen sammelt und speichert.<\/p>\n\n\n\n<p class=\"has-black-color has-text-color\">Wir verwenden Traffic-Log-Cookies, um zu identifizieren, welche Seiten verwendet werden. Dies hilft uns, Daten \u00fcber den Webseitenverkehr zu analysieren und unsere Website zu verbessern, um sie an die Bed\u00fcrfnisse der Kunden anzupassen. Wir verwenden diese Informationen nur f\u00fcr statistische Analysezwecke und anschlie\u00dfend werden die Daten aus dem System entfernt.<\/p>\n\n\n\n<p class=\"has-black-color has-text-color\">Insgesamt helfen uns Cookies dabei, Ihnen eine bessere Website bereitzustellen, indem sie es uns erm\u00f6glichen, zu \u00fcberwachen, welche Seiten Sie n\u00fctzlich finden und welche nicht. Ein Cookie gew\u00e4hrt uns in keiner Weise Zugriff auf Ihren Computer oder andere Informationen \u00fcber Sie, mit Ausnahme der Daten, die Sie uns mitteilen. Sie k\u00f6nnen Cookies akzeptieren oder ablehnen. Die meisten Webbrowser akzeptieren Cookies automatisch, aber Sie k\u00f6nnen Ihre Browsereinstellungen normalerweise so \u00e4ndern, dass Cookies abgelehnt werden, wenn Sie dies bevorzugen. Dies kann dazu f\u00fchren, dass Sie die Website nicht in vollem Umfang nutzen k\u00f6nnen.<\/p>\n\n\n\n<p class=\"has-black-color has-text-color\">Links zu anderen Websites DEKO121 kann Links zu anderen interessanten Websites enthalten. Sobald Sie jedoch diese Links verwendet haben, um DEKO121 zu verlassen, sollten Sie beachten, dass wir keine Kontrolle \u00fcber die andere Website haben. Daher k\u00f6nnen wir nicht f\u00fcr den Schutz und die Vertraulichkeit von Informationen verantwortlich sein, die Sie beim Besuch anderer Websites als DEKO121 bereitstellen. Diese Websites unterliegen nicht dieser Datenschutzerkl\u00e4rung. Sie sollten Vorsicht walten lassen und sich die Datenschutzerkl\u00e4rung der betreffenden Website ansehen.<\/p>\n\n\n\n<p class=\"has-black-color has-text-color\">Verwendung von Facebook-Social-Plugins<\/p>\n\n\n\n<p class=\"has-black-color has-text-color\">Auf unserer Website werden sogenannte Social Plugins des sozialen Netzwerks Facebook verwendet, das von der Facebook Inc., 1601 S. California Ave, Palo Alto, CA 94304, USA (\u201eFacebook\u201c) betrieben wird. Die Plugin-Module sind mit einem Facebook-Logo oder dem Zusatz \u201eSocial Plug-in von Facebook\u201c bzw. \u201eFacebook Social Plugin\u201c erkennbar. Eine \u00dcbersicht \u00fcber die Facebook-Plugins und deren Aussehen finden Sie hier: Developers.facebook.com\/docs\/plugins<\/p>\n\n\n\n<p class=\"has-black-color has-text-color\">Wenn Sie eine Seite unseres Webauftritts aufrufen, die ein solches Plugin enth\u00e4lt, stellt Ihr Browser eine direkte Verbindung zu den Servern von Facebook her. Der Inhalt des Plugins wird von Facebook direkt an Ihren Browser \u00fcbermittelt und in die Seite eingebunden.<\/p>\n\n\n\n<p class=\"has-black-color has-text-color\">Durch die Einbindung erh\u00e4lt Facebook die Information, dass Ihr Browser die entsprechende Seite unseres Webauftritts aufgerufen hat, auch wenn Sie kein Facebook-Profil besitzen oder gerade nicht bei Facebook eingeloggt sind. Diese Information (einschlie\u00dflich Ihrer IP-Adresse) wird von Ihrem Browser direkt an einen Server von Facebook \u00fcbermittelt und dort gespeichert.<\/p>\n\n\n\n<p class=\"has-black-color has-text-color\">Sind Sie bei Facebook eingeloggt, kann der Besuch unserer Website Ihrem Facebook-Konto direkt zugeordnet werden. Wenn Sie mit den Plugins interagieren, zum Beispiel den \u201eGef\u00e4llt mir\u201c-Button bet\u00e4tigen oder einen Kommentar abgeben, wird diese Information ebenfalls direkt an einen Server von Facebook \u00fcbermittelt und dort gespeichert. Die Informationen werden au\u00dferdem auf Facebook ver\u00f6ffentlicht und dort Ihren Facebook-Freunden angezeigt.<\/p>\n\n\n\n<p class=\"has-black-color has-text-color\">Facebook kann diese Informationen f\u00fcr Zwecke der Werbung und des Marketings sowie zum Aufbau seiner Facebook-Seiten nutzen. Hinzu kommen die Nutzungs- und Kontaktprofile, die Facebook beispielsweise erstellt, um herauszufinden, wie Sie unsere Website nutzen. Dies basiert auf den Anzeigen, die auf Ihrer Facebook-Seite geschaltet werden. Zweck ist, andere Facebook-Nutzer \u00fcber Ihre Aktivit\u00e4ten auf unserer Website zu informieren und weitere mit der Nutzung von Facebook verbundene Dienstleistungen zu erbringen.<\/p>\n\n\n\n<p class=\"has-black-color has-text-color\">Wenn Sie nicht m\u00f6chten, dass Facebook die \u00fcber unseren Webauftritt gesammelten Daten unmittelbar Ihrem Facebook-Konto zuordnet, m\u00fcssen Sie sich vor Ihrem Besuch unseres Internetauftritts bei Facebook ausloggen.<\/p>\n\n\n\n<p class=\"has-black-color has-text-color\">Informationen zum Zweck des Umfangs der Datenerhebung und der weiteren Verarbeitung und Nutzung durch Facebook finden Sie auf Facebook. Dort erfahren Sie, welche Rechte Sie haben, mit welchen Einstellungen am Computer Sie Ihre Privatsph\u00e4re sch\u00fctzen k\u00f6nnen und k\u00f6nnen auf die Datenschutzhinweise von Facebook zugreifen. Diese Informationen finden Sie unter folgendem Link: http:\/\/www.facebook.com\/policy.php<\/p>\n\n\n\n<p class=\"has-black-color has-text-color\">Google Analytics<\/p>\n\n\n\n<p class=\"has-black-color has-text-color\">Diese Website nutzt Google Analytics, einen Webanalysedienst von Google Inc. (Alphabet) und Google Certified Dealers, einem Google-Verbraucherschutzprogramm (\u201eGoogle\u201c). Google Analytics und Google Certified Dealers verwenden sog. \u201eCookies\u201c, Textdateien, die auf Ihrem Computer gespeichert werden und die eine Analyse der Benutzung der Website erm\u00f6glichen. Die Informationen \u00fcber Ihre Nutzung unserer Website (einschlie\u00dflich Ihrer IP-Adresse) werden an einen Server von Google in den USA \u00fcbertragen und dort gespeichert.<\/p>\n\n\n\n<p class=\"has-black-color has-text-color\">Im Falle der Aktivierung der IP-Anonymisierung auf dieser Website, wird Ihre IP-Adresse von Google jedoch innerhalb von Mitgliedstaaten der Europ\u00e4ischen Union oder in anderen Vertragsstaaten des Abkommens \u00fcber den Europ\u00e4ischen Wirtschaftsraum zuvor gek\u00fcrzt. Nur in Ausnahmef\u00e4llen wird die volle IP-Adresse an einen Server von Google in den USA \u00fcbertragen und dort gek\u00fcrzt.<\/p>\n\n\n\n<p class=\"has-black-color has-text-color\">Google wird diese im Rahmen von Google Analytics von Ihrem Browser \u00fcbermittelten Informationen benutzen, um Ihre Nutzung der Website auszuwerten, um Reports \u00fcber die Websiteaktivit\u00e4ten zusammenzustellen und um weitere mit der Websitenutzung und der Internetnutzung verbundene Dienstleistungen gegen\u00fcber dem Websitebetreiber zu erbringen. Die im Rahmen von Google Analytics von Ihrem Browser \u00fcbermittelte IP-Adresse wird nicht mit anderen Daten von Google zusammengef\u00fchrt.<\/p>\n\n\n\n<p class=\"has-black-color has-text-color\">Sie k\u00f6nnen die Speicherung der Cookies durch eine entsprechende Einstellung Ihrer Browser-Software verhindern; Wir weisen Sie jedoch darauf hin, dass Sie in diesem Fall gegebenenfalls nicht s\u00e4mtliche Funktionen dieser Website vollumf\u00e4nglich nutzen k\u00f6nnen. Sie k\u00f6nnen die Installation von Cookies unter folgendem Link verhindern: http:\/\/tools.google.com\/dlpage\/gaoptout?hl=de )<\/p>\n\n\n\n<p class=\"has-black-color has-text-color\">Durch die Nutzung dieser Website erkl\u00e4ren Sie sich mit der Bearbeitung Ihrer Daten durch Google in der zuvor beschriebenen Art und Weise und zu dem zuvor benannten Zweck einverstanden.<\/p>\n\n\n\n<p class=\"has-black-color has-text-color\">Klarna<\/p>\n\n\n\n<p class=\"has-black-color has-text-color\">Bonit\u00e4tspr\u00fcfung<\/p>\n\n\n\n<p class=\"has-black-color has-text-color\">Beim Kauf wird eine Bonit\u00e4tspr\u00fcfung durchgef\u00fchrt, was in manchen F\u00e4llen die Erstellung einer Bonit\u00e4tsauskunft bedeutet. Eine Kopie der Bonit\u00e4tsauskunft erhalten Sie per Post.<\/p>\n\n\n\n<p class=\"has-black-color has-text-color\">Datenschutzrichtlinie<\/p>\n\n\n\n<p class=\"has-black-color has-text-color\">Der Umgang mit personenbezogenen Daten erfolgt gem\u00e4\u00df den geltenden Rechtsvorschriften. Klarna verarbeitet personenbezogene Daten zum Zwecke der Identifizierung, Kundenanalyse, Kreditkontrolle, Marketing und Gesch\u00e4ftsentwicklung. Zur Kundenverwaltung werden Sozialversicherungsnummern als Kundennummern verwendet. Eine detailliertere Beschreibung der Verarbeitung personenbezogener Daten durch Klarna finden Sie in der Datenschutzrichtlinie von Klarna. Durch die Nutzung von Klarna Invoice erkl\u00e4ren Sie sich damit einverstanden, dass wir Ihre personenbezogenen Daten gem\u00e4\u00df der Datenschutzrichtlinie von Klarna verwenden.<\/p>\n\n\n\n<p class=\"has-black-color has-text-color\">Wenn Sie Fragen zur Rechnungsstellung oder zu den Rechnungsbedingungen haben, k\u00f6nnen Sie sich f\u00fcr weitere Informationen gerne an Klarna wenden.<\/p>\n\n\n\n<p class=\"has-black-color has-text-color\">Im Zusammenhang mit unseren Newslettern<\/p>\n\n\n\n<p class=\"has-black-color has-text-color\">Als Kunde oder Interessent senden wir Ihnen gerne unseren Newsletter zu. Wenn Sie bereits Kunde bei uns sind, nutzen wir Ihre E-Mail-Adresse daher auch f\u00fcr die Zusendung unseres personalisierten Newsletters \u00fcber \u00e4hnliche Produktangebote. Wenn Sie noch kein Kunde bei uns sind, den Newsletter aber trotzdem erhalten m\u00f6chten, ben\u00f6tigen wir f\u00fcr den Versand des Newsletters lediglich Ihre E-Mail-Adresse. Die Zusendung erfolgt auf Grundlage Ihrer ausdr\u00fccklichen Einwilligung (Art. 6 Abs. 1 S. 1 lit. a DSGVO) oder, wenn Sie bereits unser Kunde sind, auf Grundlage unserer berechtigten Interessen, Sie \u00fcber f\u00fcr Sie aktuelle Produktempfehlungen zu informieren (Direktmarketing). (Art. 6 Abs. 1 lit. f DSGVO und Art. 7 Abs. 3 UWG.)<\/p>\n\n\n\n<p class=\"has-black-color has-text-color\">a. Personalisierung<\/p>\n\n\n\n<p class=\"has-black-color has-text-color\">Sofern Sie uns Ihre ausdr\u00fcckliche Einwilligung zum Versand von Newslettern erteilt haben (Art. 6 Abs. 1 S. 1 lit. a DSGVO), werten wir Ihr Nutzerverhalten im Zusammenhang mit unseren Newslettern aus, um unsere Werbeansprache auf Ihre Interessen abstimmen zu k\u00f6nnen und um unsere Angebote auf unserer Website f\u00fcr Sie zu optimieren. Zu diesem Zweck nutzen wir folgende spezialisierte Dienstleister, an die wir die hierf\u00fcr erforderlichen personenbezogenen Daten (Bestelldaten, Produktdetailseiten, Checkout-Aktivit\u00e4ten) \u00fcbermitteln: Klaviyo 125 Summer St, Floor 6 Boston, MA 02111 \/ USA (nachfolgend \u201e Weitere Informationen zum Datenschutz im Zusammenhang mit Klaviyo finden Sie in der Datenschutzerkl\u00e4rung von Klaviyo hier: https:\/\/www.klaviyo.com\/legal\/dpa<\/p>\n\n\n\n<p class=\"has-black-color has-text-color\">b. Widerspruch gegen die Personalisierung\/Widerruf der Einwilligung\/Abmeldung vom Newsletter<\/p>\n\n\n\n<p class=\"has-black-color has-text-color\">Sie k\u00f6nnen Ihre Einwilligung zur Personalisierung unseres Newsletters jederzeit widerrufen, indem Sie uns eine E-Mail an <a href=\"mailto:info@deko121.com\">info@deko121.com<\/a> senden.<\/p>\n\n\n\n<p class=\"has-black-color has-text-color\">&nbsp;senden . In diesem Fall werden wir Ihnen keinen personalisierten Newsletter mehr zusenden, sondern Ihnen weiterhin unseren allgemeinen Newsletter zusenden. Dar\u00fcber hinaus ist es auch jederzeit m\u00f6glich, den Newsletter vollst\u00e4ndig abzubestellen, z. B. \u00fcber einen Link am Ende jedes Newsletters. Alternativ k\u00f6nnen Sie Ihren Abmeldewunsch auch jederzeit per E-Mail an <a href=\"mailto:info@deko121.com\">info@deko121.com<\/a> senden. Ihre im Zusammenhang mit und ausschlie\u00dflich f\u00fcr den Versand des Newsletters erhobenen personenbezogenen Daten werden nach der Abmeldung unverz\u00fcglich gel\u00f6scht.<\/p>\n\n\n\n<p class=\"has-black-color has-text-color\">Umgang mit personenbezogenen Daten<\/p>\n\n\n\n<p class=\"has-black-color has-text-color\">Sie k\u00f6nnen die Erfassung oder Verwendung Ihrer pers\u00f6nlichen Daten auf folgende Weise einschr\u00e4nken:<\/p>\n\n\n\n<p class=\"has-black-color has-text-color\">Wenn Sie aufgefordert werden, ein Formular auf der Website auszuf\u00fcllen, achten Sie auf das K\u00e4stchen, auf das Sie klicken k\u00f6nnen, um anzugeben, dass Sie die Daten nicht erhalten m\u00f6chten Wenn Sie uns zuvor zugestimmt haben, Ihre personenbezogenen Daten f\u00fcr Direktmarketingzwecke zu verwenden, k\u00f6nnen Sie Ihre Meinung jederzeit \u00e4ndern, indem<\/p>\n\n\n\n<p class=\"has-black-color has-text-color\">Sie eine E-Mail an <a href=\"mailto:info@deko121.com\">info@deko121.com<\/a> senden.<\/p>\n\n\n\n<p class=\"has-black-color has-text-color\">Wir werden Ihre personenbezogenen Daten nicht an Dritte verkaufen, verteilen oder vermieten Mit Ausnahme unserer Liefer- und Zahlungspartner, die im Zusammenhang mit Ihrer Bestellung bestimmte Informationen ben\u00f6tigen oder gesetzlich dazu verpflichtet sind (z. B. Vorschriften zur Buchhaltung).<\/p>\n\n\n\n<p class=\"has-black-color has-text-color\">Gem\u00e4\u00df der Datenschutzgesetzgebung haben Sie das Recht, einen Auszug aller Informationen zu erhalten, die wir \u00fcber Sie gem\u00e4\u00df dem Datenschutzgesetz von 1998 registriert haben. Wenn diese nicht relevant sind, k\u00f6nnen Sie uns bitten, sie zu l\u00f6schen oder sie zu korrigieren, wenn sie falsch sind oder unvollst\u00e4ndig. F\u00fcr eine Kopie der \u00fcber Sie gespeicherten Informationen kontaktieren Sie uns bitte unter <a href=\"mailto:info@deko121.com\">info@deko121.com<\/a><\/p>\n","protected":false},"excerpt":{"rendered":"<p>Datenschutz- und Cookie-Richtlinie Diese Datenschutzrichtlinie legt fest, wie DEKO121 Interior Design GmbH (im Folgenden \u201eDeko121\u201cgenannt) alle Informationen nutzt und sch\u00fctzt,<\/p>\n","protected":false},"author":1,"featured_media":0,"parent":0,"menu_order":0,"comment_status":"closed","ping_status":"closed","template":"","meta":{"_joinchat":[],"footnotes":""},"class_list":["post-20486","page","type-page","status-publish","hentry"],"_links":{"self":[{"href":"https:\/\/deko121.com\/de\/wp-json\/wp\/v2\/pages\/20486"}],"collection":[{"href":"https:\/\/deko121.com\/de\/wp-json\/wp\/v2\/pages"}],"about":[{"href":"https:\/\/deko121.com\/de\/wp-json\/wp\/v2\/types\/page"}],"author":[{"embeddable":true,"href":"https:\/\/deko121.com\/de\/wp-json\/wp\/v2\/users\/1"}],"replies":[{"embeddable":true,"href":"https:\/\/deko121.com\/de\/wp-json\/wp\/v2\/comments?post=20486"}],"version-history":[{"count":0,"href":"https:\/\/deko121.com\/de\/wp-json\/wp\/v2\/pages\/20486\/revisions"}],"wp:attachment":[{"href":"https:\/\/deko121.com\/de\/wp-json\/wp\/v2\/media?parent=20486"}],"curies":[{"name":"wp","href":"https:\/\/api.w.org\/{rel}","templated":true}]}}