{"id":11174,"date":"2023-02-12T08:07:34","date_gmt":"2023-02-12T08:07:34","guid":{"rendered":"https:\/\/deko121.com\/index.php\/product\/12601\/"},"modified":"2023-05-23T05:42:09","modified_gmt":"2023-05-23T05:42:09","slug":"b201","status":"publish","type":"product","link":"https:\/\/deko121.com\/de\/produkt\/b201\/","title":{"rendered":"B201 Flachgewebte Teppiche f\u00fcr den Innenbereich, Robust, Traditionelles Design, Gepr\u00e4gt, F\u00fcr das Wohnzimmer, Diamond Collection, Braun, Kaffee, 250 x 350 cm, 200 x 300 cm"},"content":{"rendered":"","protected":false},"excerpt":{"rendered":"<p>Code D001 Teppich, gewebt aus Heatset-Acrylgarn, antistatisch, leicht zu reinigen und hypoallergen.<\/p>\n<p>Er ist im traditionellen Format gestaltet und eignet sich f\u00fcr alle Arten von Dekorationen.<\/p>\n","protected":false},"featured_media":23365,"comment_status":"open","ping_status":"closed","template":"","meta":{"_joinchat":[]},"product_cat":[],"product_tag":[],"class_list":{"0":"post-11174","1":"product","2":"type-product","3":"status-publish","4":"has-post-thumbnail","7":"first","8":"outofstock","9":"taxable","10":"shipping-taxable","11":"purchasable","12":"product-type-variable","13":"has-default-attributes"},"_links":{"self":[{"href":"https:\/\/deko121.com\/de\/wp-json\/wp\/v2\/product\/11174"}],"collection":[{"href":"https:\/\/deko121.com\/de\/wp-json\/wp\/v2\/product"}],"about":[{"href":"https:\/\/deko121.com\/de\/wp-json\/wp\/v2\/types\/product"}],"replies":[{"embeddable":true,"href":"https:\/\/deko121.com\/de\/wp-json\/wp\/v2\/comments?post=11174"}],"version-history":[{"count":0,"href":"https:\/\/deko121.com\/de\/wp-json\/wp\/v2\/product\/11174\/revisions"}],"wp:featuredmedia":[{"embeddable":true,"href":"https:\/\/deko121.com\/de\/wp-json\/wp\/v2\/media\/23365"}],"wp:attachment":[{"href":"https:\/\/deko121.com\/de\/wp-json\/wp\/v2\/media?parent=11174"}],"wp:term":[{"taxonomy":"product_cat","embeddable":true,"href":"https:\/\/deko121.com\/de\/wp-json\/wp\/v2\/product_cat?post=11174"},{"taxonomy":"product_tag","embeddable":true,"href":"https:\/\/deko121.com\/de\/wp-json\/wp\/v2\/product_tag?post=11174"}],"curies":[{"name":"wp","href":"https:\/\/api.w.org\/{rel}","templated":true}]}}