{"id":11237,"date":"2023-02-19T10:35:58","date_gmt":"2023-02-19T10:35:58","guid":{"rendered":"https:\/\/deko121.com\/index.php\/product\/b001-flachgewebeteppich-fuer-den-innenbereich-robust-traditionelles-design-gepraegt-fuer-das-wohnzimmer-luxury-collection-grau-120-x-120-cm-70-x-50-cm-200-x-80-cm-300-x-80-cm\/"},"modified":"2023-05-23T05:40:05","modified_gmt":"2023-05-23T05:40:05","slug":"b001","status":"publish","type":"product","link":"https:\/\/deko121.com\/de\/produkt\/b001\/","title":{"rendered":"B001 Flachgewebte Teppiche f\u00fcr den Innenbereich, Robust, Traditionelles Design, Gepr\u00e4gt, F\u00fcr das Wohnzimmer, Matte, Flur, Diamond Collection, Grau, 120 x 120 cm, 70 x 50 cm, 200 x 80 cm, 300 x 80 cm"},"content":{"rendered":"","protected":false},"excerpt":{"rendered":"","protected":false},"featured_media":11244,"comment_status":"open","ping_status":"closed","template":"","meta":{"_joinchat":[]},"product_cat":[],"product_tag":[],"class_list":{"0":"post-11237","1":"product","2":"type-product","3":"status-publish","4":"has-post-thumbnail","7":"first","8":"outofstock","9":"taxable","10":"shipping-taxable","11":"purchasable","12":"product-type-variable","13":"has-default-attributes"},"_links":{"self":[{"href":"https:\/\/deko121.com\/de\/wp-json\/wp\/v2\/product\/11237"}],"collection":[{"href":"https:\/\/deko121.com\/de\/wp-json\/wp\/v2\/product"}],"about":[{"href":"https:\/\/deko121.com\/de\/wp-json\/wp\/v2\/types\/product"}],"replies":[{"embeddable":true,"href":"https:\/\/deko121.com\/de\/wp-json\/wp\/v2\/comments?post=11237"}],"version-history":[{"count":0,"href":"https:\/\/deko121.com\/de\/wp-json\/wp\/v2\/product\/11237\/revisions"}],"wp:featuredmedia":[{"embeddable":true,"href":"https:\/\/deko121.com\/de\/wp-json\/wp\/v2\/media\/11244"}],"wp:attachment":[{"href":"https:\/\/deko121.com\/de\/wp-json\/wp\/v2\/media?parent=11237"}],"wp:term":[{"taxonomy":"product_cat","embeddable":true,"href":"https:\/\/deko121.com\/de\/wp-json\/wp\/v2\/product_cat?post=11237"},{"taxonomy":"product_tag","embeddable":true,"href":"https:\/\/deko121.com\/de\/wp-json\/wp\/v2\/product_tag?post=11237"}],"curies":[{"name":"wp","href":"https:\/\/api.w.org\/{rel}","templated":true}]}}