{"id":11311,"date":"2023-02-12T07:42:46","date_gmt":"2023-02-12T07:42:46","guid":{"rendered":"https:\/\/deko121.com\/index.php\/product\/12426-2\/"},"modified":"2023-05-11T07:27:00","modified_gmt":"2023-05-11T07:27:00","slug":"b251-17","status":"publish","type":"product","link":"https:\/\/deko121.com\/de\/produkt\/b251-17\/","title":{"rendered":"B251 Flachgewebte Teppiche f\u00fcr den Innenbereich, Robust, Traditionelles Design, Gepr\u00e4gt, F\u00fcr das Wohnzimmer, Matte, Flur, Diamond Collection, Hellgrau, Silber, Blau, Beige,200 x 300 cm,120 x 120 cm, 50 x 80 cm, 80 x 200 cm, 80 x 300 cm"},"content":{"rendered":"","protected":false},"excerpt":{"rendered":"","protected":false},"featured_media":40810,"comment_status":"open","ping_status":"closed","template":"","meta":{"_joinchat":[]},"product_cat":[518,546],"product_tag":[726,735,802,643,542],"class_list":{"0":"post-11311","1":"product","2":"type-product","3":"status-publish","4":"has-post-thumbnail","6":"product_cat-teppich","7":"product_cat-persischen-orientalischen","8":"product_tag-corridor-de","9":"product_tag-door-mat-de","10":"product_tag-isfahan-de","11":"product_tag-living-room-de","12":"product_tag-traditional-de","14":"first","15":"instock","16":"featured","17":"taxable","18":"shipping-taxable","19":"purchasable","20":"product-type-variable","21":"has-default-attributes"},"_links":{"self":[{"href":"https:\/\/deko121.com\/de\/wp-json\/wp\/v2\/product\/11311"}],"collection":[{"href":"https:\/\/deko121.com\/de\/wp-json\/wp\/v2\/product"}],"about":[{"href":"https:\/\/deko121.com\/de\/wp-json\/wp\/v2\/types\/product"}],"replies":[{"embeddable":true,"href":"https:\/\/deko121.com\/de\/wp-json\/wp\/v2\/comments?post=11311"}],"version-history":[{"count":0,"href":"https:\/\/deko121.com\/de\/wp-json\/wp\/v2\/product\/11311\/revisions"}],"wp:featuredmedia":[{"embeddable":true,"href":"https:\/\/deko121.com\/de\/wp-json\/wp\/v2\/media\/40810"}],"wp:attachment":[{"href":"https:\/\/deko121.com\/de\/wp-json\/wp\/v2\/media?parent=11311"}],"wp:term":[{"taxonomy":"product_cat","embeddable":true,"href":"https:\/\/deko121.com\/de\/wp-json\/wp\/v2\/product_cat?post=11311"},{"taxonomy":"product_tag","embeddable":true,"href":"https:\/\/deko121.com\/de\/wp-json\/wp\/v2\/product_tag?post=11311"}],"curies":[{"name":"wp","href":"https:\/\/api.w.org\/{rel}","templated":true}]}}