{"id":17554,"date":"2023-07-08T10:25:43","date_gmt":"2023-07-08T10:25:43","guid":{"rendered":"https:\/\/deko121.com\/product\/b286-flachgewebte-teppiche-fuer-den-innenbereich-robust-traditionelles-design-gepraegt-fuer-das-wohnzimmer-diamond-collection-hellgrau-250-x-350-cm\/"},"modified":"2023-07-08T10:25:43","modified_gmt":"2023-07-08T10:25:43","slug":"b286","status":"publish","type":"product","link":"https:\/\/deko121.com\/de\/produkt\/b286\/","title":{"rendered":"B286 Flachgewebte Teppiche f\u00fcr den Innenbereich, Robust, Traditionelles Design, Gepr\u00e4gt, F\u00fcr das Wohnzimmer, Diamond Collection, Hellgrau, 250 x 350 cm"},"content":{"rendered":"","protected":false},"excerpt":{"rendered":"","protected":false},"featured_media":14904,"comment_status":"open","ping_status":"closed","template":"","meta":{"_joinchat":[]},"product_cat":[],"product_tag":[],"class_list":{"0":"post-17554","1":"product","2":"type-product","3":"status-publish","4":"has-post-thumbnail","7":"first","8":"outofstock","9":"taxable","10":"shipping-taxable","11":"purchasable","12":"product-type-variable","13":"has-default-attributes"},"_links":{"self":[{"href":"https:\/\/deko121.com\/de\/wp-json\/wp\/v2\/product\/17554"}],"collection":[{"href":"https:\/\/deko121.com\/de\/wp-json\/wp\/v2\/product"}],"about":[{"href":"https:\/\/deko121.com\/de\/wp-json\/wp\/v2\/types\/product"}],"replies":[{"embeddable":true,"href":"https:\/\/deko121.com\/de\/wp-json\/wp\/v2\/comments?post=17554"}],"version-history":[{"count":0,"href":"https:\/\/deko121.com\/de\/wp-json\/wp\/v2\/product\/17554\/revisions"}],"wp:featuredmedia":[{"embeddable":true,"href":"https:\/\/deko121.com\/de\/wp-json\/wp\/v2\/media\/14904"}],"wp:attachment":[{"href":"https:\/\/deko121.com\/de\/wp-json\/wp\/v2\/media?parent=17554"}],"wp:term":[{"taxonomy":"product_cat","embeddable":true,"href":"https:\/\/deko121.com\/de\/wp-json\/wp\/v2\/product_cat?post=17554"},{"taxonomy":"product_tag","embeddable":true,"href":"https:\/\/deko121.com\/de\/wp-json\/wp\/v2\/product_tag?post=17554"}],"curies":[{"name":"wp","href":"https:\/\/api.w.org\/{rel}","templated":true}]}}